{"id":2599,"date":"2015-05-02T23:39:34","date_gmt":"2015-05-02T23:39:34","guid":{"rendered":"http:\/\/casa-alma.eu\/?page_id=2599"},"modified":"2024-12-03T15:23:49","modified_gmt":"2024-12-03T15:23:49","slug":"dettagli","status":"publish","type":"page","link":"https:\/\/www.casa-alma.eu\/it\/dettagli\/","title":{"rendered":"Dettagli"},"content":{"rendered":"<!--themify_builder_content-->\n<div id=\"themify_builder_content-2599\" data-postid=\"2599\" class=\"themify_builder_content themify_builder_content-2599 themify_builder tf_clear\">\n                    <div  data-lazy=\"1\" class=\"module_row themify_builder_row tb_ymbx454 tb_first tf_w\">\n                        <div class=\"row_inner col_align_top tb_col_count_1 tf_box tf_rel\">\n                        <div  data-lazy=\"1\" class=\"module_column tb-column col-full tb_20kd966 first\">\n                    <!-- module text -->\n<div  class=\"module module-text tb_u9oy747   \" data-lazy=\"1\">\n        <div  class=\"tb_text_wrap\">\n        <p>Casa Alma \u00e8 dotata di tutti i comfort.<\/p><p>L\u2019appartamento \u00e8 composto da due camere, due bagni, una zona giorno e pu\u00f2 ospitare fino a cinque persone. Il quinto letto supplementare \u00e8 mobile e quindi posizionabile ove necessario.<\/p>    <\/div>\n<\/div>\n<!-- \/module text -->        <\/div>\n                        <\/div>\n        <\/div>\n                        <div  data-lazy=\"1\" class=\"module_row themify_builder_row tb_g8bm170 tf_w\">\n                        <div class=\"row_inner col_align_top tb_col_count_1 tf_box tf_rel\">\n                        <div  data-lazy=\"1\" class=\"module_column tb-column col-full tb_opxf022 first\">\n                    <!-- module text -->\n<div  class=\"module module-text tb_zjzi102   \" data-lazy=\"1\">\n        <div  class=\"tb_text_wrap\">\n        <h3>Servizi<!--EndFragment --> \/ Appliances<\/h3>    <\/div>\n<\/div>\n<!-- \/module text -->        <\/div>\n                        <\/div>\n        <\/div>\n                        <div  data-lazy=\"1\" class=\"module_row themify_builder_row tb_m0nv199 tf_w\">\n                        <div class=\"row_inner col_align_top tb_col_count_3 tf_box tf_rel\">\n                        <div  data-lazy=\"1\" class=\"module_column tb-column col3-1 tb_7gic552 first\">\n                    <!-- module icon -->\n<div  class=\"module module-icon tb_xmpo099  small  icon_vertical  wow\" data-tf-animation=\"fadeIn\" data-tf-animation_delay=\"0.1\" data-lazy=\"1\">\n\t\t\t<div class=\"module-icon-item\">\n\t\t\t\t\t\t\t\t\t\t\t\t\t\t\t\t<em class=\"tf_box\"\n\t\t\t\t\t\t\t\t\t\t\t\t\t\t\t\t\t><svg  class=\"tf_fa tf-fas-check\" aria-hidden=\"true\"><use href=\"#tf-fas-check\"><\/use><\/svg><\/em>\n\t\t\t\t\t\t\t\t\t\t\t\t\t\t\t\t\t\t\t<span>Aria condizionata <\/span>\n\t\t\t\t\t\t\t\t\t\t\t\t\t\t\t<\/div>\n\t\t\t<div class=\"module-icon-item\">\n\t\t\t\t\t\t\t\t\t\t\t\t\t\t\t\t<em class=\"tf_box\"\n\t\t\t\t\t\t\t\t\t\t\t\t\t\t\t\t\t><svg  class=\"tf_fa tf-fas-check\" aria-hidden=\"true\"><use href=\"#tf-fas-check\"><\/use><\/svg><\/em>\n\t\t\t\t\t\t\t\t\t\t\t\t\t\t\t\t\t\t\t<span>Riscaldamento a pavimento <\/span>\n\t\t\t\t\t\t\t\t\t\t\t\t\t\t\t<\/div>\n\t\t\t<div class=\"module-icon-item\">\n\t\t\t\t\t\t\t\t\t\t\t\t\t\t\t\t<em class=\"tf_box\"\n\t\t\t\t\t\t\t\t\t\t\t\t\t\t\t\t\t><svg  class=\"tf_fa tf-fas-check\" aria-hidden=\"true\"><use href=\"#tf-fas-check\"><\/use><\/svg><\/em>\n\t\t\t\t\t\t\t\t\t\t\t\t\t\t\t\t\t\t\t<span>Finestre elettriche<\/span>\n\t\t\t\t\t\t\t\t\t\t\t\t\t\t\t<\/div>\n\t\t\t<div class=\"module-icon-item\">\n\t\t\t\t\t\t\t\t\t\t\t\t\t\t\t\t<em class=\"tf_box\"\n\t\t\t\t\t\t\t\t\t\t\t\t\t\t\t\t\t><svg  class=\"tf_fa tf-fas-check\" aria-hidden=\"true\"><use href=\"#tf-fas-check\"><\/use><\/svg><\/em>\n\t\t\t\t\t\t\t\t\t\t\t\t\t\t\t\t\t\t\t<span>Wi-fi<\/span>\n\t\t\t\t\t\t\t\t\t\t\t\t\t\t\t<\/div>\n\t\t\t<div class=\"module-icon-item\">\n\t\t\t\t\t\t\t\t\t\t\t\t\t\t\t\t<em class=\"tf_box\"\n\t\t\t\t\t\t\t\t\t\t\t\t\t\t\t\t\t><svg  class=\"tf_fa tf-fas-check\" aria-hidden=\"true\"><use href=\"#tf-fas-check\"><\/use><\/svg><\/em>\n\t\t\t\t\t\t\t\t\t\t\t\t\t\t\t\t\t\t\t<span>Lavatrice<\/span>\n\t\t\t\t\t\t\t\t\t\t\t\t\t\t\t<\/div>\n\t<\/div>\n<!-- \/module icon -->\n        <\/div>\n                    <div  data-lazy=\"1\" class=\"module_column tb-column col3-1 tb_zanz403\">\n                    <!-- module icon -->\n<div  class=\"module module-icon tb_zig2991  small  icon_vertical  wow\" data-tf-animation=\"fadeIn\" data-tf-animation_delay=\"0.3\" data-lazy=\"1\">\n\t\t\t<div class=\"module-icon-item\">\n\t\t\t\t\t\t\t\t\t\t\t\t\t\t\t\t<em class=\"tf_box\"\n\t\t\t\t\t\t\t\t\t\t\t\t\t\t\t\t\t><svg  class=\"tf_fa tf-fas-check\" aria-hidden=\"true\"><use href=\"#tf-fas-check\"><\/use><\/svg><\/em>\n\t\t\t\t\t\t\t\t\t\t\t\t\t\t\t\t\t\t\t<span>Frigo <\/span>\n\t\t\t\t\t\t\t\t\t\t\t\t\t\t\t<\/div>\n\t\t\t<div class=\"module-icon-item\">\n\t\t\t\t\t\t\t\t\t\t\t\t\t\t\t\t<em class=\"tf_box\"\n\t\t\t\t\t\t\t\t\t\t\t\t\t\t\t\t\t><svg  class=\"tf_fa tf-fas-check\" aria-hidden=\"true\"><use href=\"#tf-fas-check\"><\/use><\/svg><\/em>\n\t\t\t\t\t\t\t\t\t\t\t\t\t\t\t\t\t\t\t<span>Freezer<\/span>\n\t\t\t\t\t\t\t\t\t\t\t\t\t\t\t<\/div>\n\t\t\t<div class=\"module-icon-item\">\n\t\t\t\t\t\t\t\t\t\t\t\t\t\t\t\t<em class=\"tf_box\"\n\t\t\t\t\t\t\t\t\t\t\t\t\t\t\t\t\t><svg  class=\"tf_fa tf-fas-check\" aria-hidden=\"true\"><use href=\"#tf-fas-check\"><\/use><\/svg><\/em>\n\t\t\t\t\t\t\t\t\t\t\t\t\t\t\t\t\t\t\t<span>Lavastoviglie <\/span>\n\t\t\t\t\t\t\t\t\t\t\t\t\t\t\t<\/div>\n\t\t\t<div class=\"module-icon-item\">\n\t\t\t\t\t\t\t\t\t\t\t\t\t\t\t\t<em class=\"tf_box\"\n\t\t\t\t\t\t\t\t\t\t\t\t\t\t\t\t\t><svg  class=\"tf_fa tf-fas-check\" aria-hidden=\"true\"><use href=\"#tf-fas-check\"><\/use><\/svg><\/em>\n\t\t\t\t\t\t\t\t\t\t\t\t\t\t\t\t\t\t\t<span>Forno a microonde<\/span>\n\t\t\t\t\t\t\t\t\t\t\t\t\t\t\t<\/div>\n\t\t\t<div class=\"module-icon-item\">\n\t\t\t\t\t\t\t\t\t\t\t\t\t\t\t\t<em class=\"tf_box\"\n\t\t\t\t\t\t\t\t\t\t\t\t\t\t\t\t\t><svg  class=\"tf_fa tf-fas-check\" aria-hidden=\"true\"><use href=\"#tf-fas-check\"><\/use><\/svg><\/em>\n\t\t\t\t\t\t\t\t\t\t\t\t\t\t\t\t\t\t\t<span>Piano cottura a gas<\/span>\n\t\t\t\t\t\t\t\t\t\t\t\t\t\t\t<\/div>\n\t<\/div>\n<!-- \/module icon -->\n        <\/div>\n                    <div  data-lazy=\"1\" class=\"module_column tb-column col3-1 tb_boph410 last\">\n                    <!-- module icon -->\n<div  class=\"module module-icon tb_qpvv003  small  icon_vertical  wow\" data-tf-animation=\"fadeIn\" data-tf-animation_delay=\"0.5\" data-lazy=\"1\">\n\t\t\t<div class=\"module-icon-item\">\n\t\t\t\t\t\t\t\t\t\t\t\t\t\t\t\t<em class=\"tf_box\"\n\t\t\t\t\t\t\t\t\t\t\t\t\t\t\t\t\t><svg  class=\"tf_fa tf-fas-check\" aria-hidden=\"true\"><use href=\"#tf-fas-check\"><\/use><\/svg><\/em>\n\t\t\t\t\t\t\t\t\t\t\t\t\t\t\t\t\t\t\t<span>Bollitore<\/span>\n\t\t\t\t\t\t\t\t\t\t\t\t\t\t\t<\/div>\n\t\t\t<div class=\"module-icon-item\">\n\t\t\t\t\t\t\t\t\t\t\t\t\t\t\t\t<em class=\"tf_box\"\n\t\t\t\t\t\t\t\t\t\t\t\t\t\t\t\t\t><svg  class=\"tf_fa tf-fas-check\" aria-hidden=\"true\"><use href=\"#tf-fas-check\"><\/use><\/svg><\/em>\n\t\t\t\t\t\t\t\t\t\t\t\t\t\t\t\t\t\t\t<span>Tostapane <\/span>\n\t\t\t\t\t\t\t\t\t\t\t\t\t\t\t<\/div>\n\t\t\t<div class=\"module-icon-item\">\n\t\t\t\t\t\t\t\t\t\t\t\t\t\t\t\t<em class=\"tf_box\"\n\t\t\t\t\t\t\t\t\t\t\t\t\t\t\t\t\t><svg  class=\"tf_fa tf-fas-check\" aria-hidden=\"true\"><use href=\"#tf-fas-check\"><\/use><\/svg><\/em>\n\t\t\t\t\t\t\t\t\t\t\t\t\t\t\t\t\t\t\t<span>Smart Tv<\/span>\n\t\t\t\t\t\t\t\t\t\t\t\t\t\t\t<\/div>\n\t\t\t<div class=\"module-icon-item\">\n\t\t\t\t\t\t\t\t\t\t\t\t\t\t\t\t<em class=\"tf_box\"\n\t\t\t\t\t\t\t\t\t\t\t\t\t\t\t\t\t><svg  class=\"tf_fa tf-fas-check\" aria-hidden=\"true\"><use href=\"#tf-fas-check\"><\/use><\/svg><\/em>\n\t\t\t\t\t\t\t\t\t\t\t\t\t\t\t\t\t\t\t<span>Asciugacapelli <\/span>\n\t\t\t\t\t\t\t\t\t\t\t\t\t\t\t<\/div>\n\t\t\t<div class=\"module-icon-item\">\n\t\t\t\t\t\t\t\t\t\t\t\t\t\t\t\t<em class=\"tf_box\"\n\t\t\t\t\t\t\t\t\t\t\t\t\t\t\t\t\t><svg  class=\"tf_fa tf-fas-check\" aria-hidden=\"true\"><use href=\"#tf-fas-check\"><\/use><\/svg><\/em>\n\t\t\t\t\t\t\t\t\t\t\t\t\t\t\t\t\t\t\t<span>Lenzuola e asciugamani inclusi<\/span>\n\t\t\t\t\t\t\t\t\t\t\t\t\t\t\t<\/div>\n\t<\/div>\n<!-- \/module icon -->\n        <\/div>\n                        <\/div>\n        <\/div>\n                        <div  data-lazy=\"1\" class=\"module_row themify_builder_row tb_gf2c133 tf_w\">\n                        <div class=\"row_inner col_align_top tb_col_count_3 tf_box tf_rel\">\n                        <div  data-lazy=\"1\" class=\"module_column tb-column col3-1 tb_8sqn300 first\">\n                    <!-- module text -->\n<div  class=\"module module-text tb_5ymt119   \" data-lazy=\"1\">\n        <div  class=\"tb_text_wrap\">\n        <h3>\u00a0<\/h3><h3>Check-in e Check-out<\/h3><p>Check in 14.00 \u2013 20.00<br \/>Check out entro le 11.00<\/p><p>Al vostro arrivo sarete accolti, sar\u00e0 effettuata la registrazione dei documenti e verr\u00e0 spiegato il funzionamento di tutte le apparecchiature. Per arrivi in tarda serata, si pu\u00f2 utilizzare la cassetta di sicurezza ed eseguire il check-in la mattina seguente.<\/p>    <\/div>\n<\/div>\n<!-- \/module text -->        <\/div>\n                    <div  data-lazy=\"1\" class=\"module_column tb-column col3-1 tb_t46m231\">\n                    <!-- module text -->\n<div  class=\"module module-text tb_eb3r439   \" data-lazy=\"1\">\n        <div  class=\"tb_text_wrap\">\n        <h3>\u00a0<\/h3><h3>Le regole della casa<\/h3><p>Le regole sono poche e dettate dalla buona educazione. Nell\u2019appartamento \u00e8 disponibile un tavolino pieghevole con delle sedie per sedersi all\u2019esterno. Si prega di rispettare i vicini ed evitare rumori eccessivi.<\/p><p>\u00c8 vietato fumare e accendere candele all\u2019interno dell\u2019appartamento.\u00a0Rispettate la nostra casa come se fosse la vostra !!<\/p>    <\/div>\n<\/div>\n<!-- \/module text -->        <\/div>\n                    <div  data-lazy=\"1\" class=\"module_column tb-column col3-1 tb_23df971 last\">\n                    <!-- module text -->\n<div  class=\"module module-text tb_ahqt429   \" data-lazy=\"1\">\n        <div  class=\"tb_text_wrap\">\n        <h3>\u00a0<\/h3><h3>Raccolta differenziata? S\u00ec, grazie.<\/h3><p>Si prega di effettuare la raccolta differenziata dei rifiuti. Istruzioni dettagliate verranno fornite nell\u2019<!--StartFragment -->appartamento<!--EndFragment -->.<\/p>    <\/div>\n<\/div>\n<!-- \/module text -->        <\/div>\n                        <\/div>\n        <\/div>\n        <\/div>\n<!--\/themify_builder_content-->","protected":false},"excerpt":{"rendered":"<p>Casa Alma \u00e8 dotata di tutti i comfort. L\u2019appartamento \u00e8 composto da due camere, due bagni, una zona giorno e pu\u00f2 ospitare fino a cinque persone. Il quinto letto supplementare \u00e8 mobile e quindi posizionabile ove necessario. Servizi \/ Appliances Aria condizionata Riscaldamento a pavimento Finestre elettriche Wi-fi Lavatrice Frigo Freezer Lavastoviglie Forno a microonde [&hellip;]<\/p>\n","protected":false},"author":1,"featured_media":0,"parent":0,"menu_order":0,"comment_status":"closed","ping_status":"closed","template":"","meta":{"footnotes":""},"class_list":["post-2599","page","type-page","status-publish","hentry","has-post-title","has-post-date","has-post-category","has-post-tag","has-post-comment","has-post-author",""],"yoast_head":"<!-- This site is optimized with the Yoast SEO plugin v26.8 - https:\/\/yoast.com\/product\/yoast-seo-wordpress\/ -->\n<title>Dettagli - Casa Alma<\/title>\n<meta name=\"robots\" content=\"index, follow, max-snippet:-1, max-image-preview:large, max-video-preview:-1\" \/>\n<link rel=\"canonical\" href=\"https:\/\/www.casa-alma.eu\/it\/dettagli\/\" \/>\n<meta property=\"og:locale\" content=\"it_IT\" \/>\n<meta property=\"og:type\" content=\"article\" \/>\n<meta property=\"og:title\" content=\"Dettagli - Casa Alma\" \/>\n<meta property=\"og:description\" content=\"Casa Alma \u00e8 dotata di tutti i comfort. L\u2019appartamento \u00e8 composto da due camere, due bagni, una zona giorno e pu\u00f2 ospitare fino a cinque persone. Il quinto letto supplementare \u00e8 mobile e quindi posizionabile ove necessario. Servizi \/ Appliances Aria condizionata Riscaldamento a pavimento Finestre elettriche Wi-fi Lavatrice Frigo Freezer Lavastoviglie Forno a microonde [&hellip;]\" \/>\n<meta property=\"og:url\" content=\"https:\/\/www.casa-alma.eu\/it\/dettagli\/\" \/>\n<meta property=\"og:site_name\" content=\"Casa Alma\" \/>\n<meta property=\"article:modified_time\" content=\"2024-12-03T15:23:49+00:00\" \/>\n<meta name=\"twitter:card\" content=\"summary_large_image\" \/>\n<meta name=\"twitter:label1\" content=\"Est. reading time\" \/>\n\t<meta name=\"twitter:data1\" content=\"1 minute\" \/>\n<script type=\"application\/ld+json\" class=\"yoast-schema-graph\">{\"@context\":\"https:\/\/schema.org\",\"@graph\":[{\"@type\":\"WebPage\",\"@id\":\"https:\/\/www.casa-alma.eu\/it\/dettagli\/\",\"url\":\"https:\/\/www.casa-alma.eu\/it\/dettagli\/\",\"name\":\"Dettagli - Casa Alma\",\"isPartOf\":{\"@id\":\"\/#website\"},\"datePublished\":\"2015-05-02T23:39:34+00:00\",\"dateModified\":\"2024-12-03T15:23:49+00:00\",\"breadcrumb\":{\"@id\":\"https:\/\/www.casa-alma.eu\/it\/dettagli\/#breadcrumb\"},\"inLanguage\":\"it-IT\",\"potentialAction\":[{\"@type\":\"ReadAction\",\"target\":[\"https:\/\/www.casa-alma.eu\/it\/dettagli\/\"]}]},{\"@type\":\"BreadcrumbList\",\"@id\":\"https:\/\/www.casa-alma.eu\/it\/dettagli\/#breadcrumb\",\"itemListElement\":[{\"@type\":\"ListItem\",\"position\":1,\"name\":\"Home\",\"item\":\"https:\/\/www.casa-alma.eu\/it\/\"},{\"@type\":\"ListItem\",\"position\":2,\"name\":\"Dettagli\"}]},{\"@type\":\"WebSite\",\"@id\":\"\/#website\",\"url\":\"\/\",\"name\":\"Casa Alma\",\"description\":\"Apartment to rent in Venice\",\"potentialAction\":[{\"@type\":\"SearchAction\",\"target\":{\"@type\":\"EntryPoint\",\"urlTemplate\":\"\/?s={search_term_string}\"},\"query-input\":{\"@type\":\"PropertyValueSpecification\",\"valueRequired\":true,\"valueName\":\"search_term_string\"}}],\"inLanguage\":\"it-IT\"}]}<\/script>\n<!-- \/ Yoast SEO plugin. -->","yoast_head_json":{"title":"Dettagli - Casa Alma","robots":{"index":"index","follow":"follow","max-snippet":"max-snippet:-1","max-image-preview":"max-image-preview:large","max-video-preview":"max-video-preview:-1"},"canonical":"https:\/\/www.casa-alma.eu\/it\/dettagli\/","og_locale":"it_IT","og_type":"article","og_title":"Dettagli - Casa Alma","og_description":"Casa Alma \u00e8 dotata di tutti i comfort. L\u2019appartamento \u00e8 composto da due camere, due bagni, una zona giorno e pu\u00f2 ospitare fino a cinque persone. Il quinto letto supplementare \u00e8 mobile e quindi posizionabile ove necessario. Servizi \/ Appliances Aria condizionata Riscaldamento a pavimento Finestre elettriche Wi-fi Lavatrice Frigo Freezer Lavastoviglie Forno a microonde [&hellip;]","og_url":"https:\/\/www.casa-alma.eu\/it\/dettagli\/","og_site_name":"Casa Alma","article_modified_time":"2024-12-03T15:23:49+00:00","twitter_card":"summary_large_image","twitter_misc":{"Est. reading time":"1 minute"},"schema":{"@context":"https:\/\/schema.org","@graph":[{"@type":"WebPage","@id":"https:\/\/www.casa-alma.eu\/it\/dettagli\/","url":"https:\/\/www.casa-alma.eu\/it\/dettagli\/","name":"Dettagli - Casa Alma","isPartOf":{"@id":"\/#website"},"datePublished":"2015-05-02T23:39:34+00:00","dateModified":"2024-12-03T15:23:49+00:00","breadcrumb":{"@id":"https:\/\/www.casa-alma.eu\/it\/dettagli\/#breadcrumb"},"inLanguage":"it-IT","potentialAction":[{"@type":"ReadAction","target":["https:\/\/www.casa-alma.eu\/it\/dettagli\/"]}]},{"@type":"BreadcrumbList","@id":"https:\/\/www.casa-alma.eu\/it\/dettagli\/#breadcrumb","itemListElement":[{"@type":"ListItem","position":1,"name":"Home","item":"https:\/\/www.casa-alma.eu\/it\/"},{"@type":"ListItem","position":2,"name":"Dettagli"}]},{"@type":"WebSite","@id":"\/#website","url":"\/","name":"Casa Alma","description":"Apartment to rent in Venice","potentialAction":[{"@type":"SearchAction","target":{"@type":"EntryPoint","urlTemplate":"\/?s={search_term_string}"},"query-input":{"@type":"PropertyValueSpecification","valueRequired":true,"valueName":"search_term_string"}}],"inLanguage":"it-IT"}]}},"_links":{"self":[{"href":"https:\/\/www.casa-alma.eu\/it\/wp-json\/wp\/v2\/pages\/2599","targetHints":{"allow":["GET"]}}],"collection":[{"href":"https:\/\/www.casa-alma.eu\/it\/wp-json\/wp\/v2\/pages"}],"about":[{"href":"https:\/\/www.casa-alma.eu\/it\/wp-json\/wp\/v2\/types\/page"}],"author":[{"embeddable":true,"href":"https:\/\/www.casa-alma.eu\/it\/wp-json\/wp\/v2\/users\/1"}],"replies":[{"embeddable":true,"href":"https:\/\/www.casa-alma.eu\/it\/wp-json\/wp\/v2\/comments?post=2599"}],"version-history":[{"count":30,"href":"https:\/\/www.casa-alma.eu\/it\/wp-json\/wp\/v2\/pages\/2599\/revisions"}],"predecessor-version":[{"id":4854,"href":"https:\/\/www.casa-alma.eu\/it\/wp-json\/wp\/v2\/pages\/2599\/revisions\/4854"}],"wp:attachment":[{"href":"https:\/\/www.casa-alma.eu\/it\/wp-json\/wp\/v2\/media?parent=2599"}],"curies":[{"name":"wp","href":"https:\/\/api.w.org\/{rel}","templated":true}]}}